{"id":65,"date":"2023-08-08T00:08:22","date_gmt":"2023-08-07T22:08:22","guid":{"rendered":"https:\/\/itcothema.org\/?page_id=65"},"modified":"2025-03-17T17:47:52","modified_gmt":"2025-03-17T16:47:52","slug":"conditions-dutilisation","status":"publish","type":"page","link":"https:\/\/itcothema.org\/index.php\/conditions-dutilisation\/","title":{"rendered":"Conditions d&rsquo;utilisation"},"content":{"rendered":"\n<p>Pour assurer une diffusion et une r\u00e9utilisation maximale, l&rsquo;approche ItCoThema est distribu\u00e9e selon la licence CC0 et fait donc de facto partie du domaine public<\/p>\n\n\n\n<p>Dans la mesure permise par la loi, l&rsquo;association ItCoThema (au travers de son repr\u00e9sentant l\u00e9gal) a renonc\u00e9 \u00e0 tous les droits d&rsquo;auteur et droits voisins ou connexes sur l&rsquo;Approche ItCoThema. Ce travail est publi\u00e9 depuis la Belgique. <br>ASBL ItCoThema &#8211; Num\u00e9ro d&rsquo;entreprise BE <a href=\"https:\/\/kbopub.economie.fgov.be\/kbopub\/toonondernemingps.html?ondernemingsnummer=1020811172\" target=\"_blank\" rel=\"noreferrer noopener\">1020.811.172<\/a> (adresse : Avenue Kersbeek 128 &#8211; 1190 Forest)<\/p>\n\n\n\n<p xmlns:dct=\"http:\/\/purl.org\/dc\/terms\/\" xmlns:vcard=\"http:\/\/www.w3.org\/2001\/vcard-rdf\/3.0#\">\n  <a rel=\"license\"\n     href=\"http:\/\/creativecommons.org\/publicdomain\/zero\/1.0\/\">\n    <img decoding=\"async\" src=\"https:\/\/licensebuttons.net\/p\/zero\/1.0\/88x31.png\" style=\"border-style: none;\" alt=\"CC0\" \/>\n  <\/a>\n  <br \/>\n  To the extent possible under law,\n  <a rel=\"dct:publisher\"\n     href=\"itcothema.org\">\n    <span property=\"dct:title\">the association ItCoThema (through its legal representative in 2023: S\u00e9bastien Erkens<\/span><\/a>\n  has waived all copyright and related or neighboring rights to\n  <span property=\"dct:title\">Approche ItCoThema<\/span>.\nThis work is published from:\n<span property=\"vcard:Country\" datatype=\"dct:ISO3166\"\n      content=\"BE\" about=\"itcothema.org\">\n  Belgique<\/span>.\n<\/p>\n\n\n\n<p>Absolument aucune mention n&rsquo;est donc requise.<\/p>\n\n\n\n<p>Par d\u00e9finition, la mention du label \u00ab\u00a0<strong>conforme \u00e0 l&rsquo;approche ItCoThema<\/strong>\u00a0\u00bb implique de respecter par contre strictement la <a href=\"https:\/\/itcothema.org\/index.php\/documentation\/\" data-type=\"page\" data-id=\"204\">documentation fournie de l&rsquo;approche<\/a>.<\/p>\n\n\n\n<h1 class=\"wp-block-heading\">Label \u00ab\u00a0Conforme \u00e0 l&rsquo;approche ItCoThema\u00a0\u00bb<\/h1>\n\n\n\n<h2 class=\"wp-block-heading\">Objectif du label<\/h2>\n\n\n\n<p>Le label \u00ab\u00a0Conforme \u00e0 l&rsquo;approche ItCoThema\u00a0\u00bb vise \u00e0 certifier que le contenu d&rsquo;un site web ou d&rsquo;une plateforme en ligne ou d&rsquo;un \u00e9v\u00e9nement respecte les principes et les bonnes pratiques de l&rsquo;approche ItCoThema.<\/p>\n\n\n\n<p>Il garantit aux utilisateurs que les discussions et les contenus sont structur\u00e9s de mani\u00e8re \u00e0 favoriser des \u00e9changes constructifs.<\/p>\n\n\n\n<h2 class=\"wp-block-heading\">Crit\u00e8res d&rsquo;attribution du label<\/h2>\n\n\n\n<p>Pour se voir d\u00e9cerner le label \u00ab\u00a0Conforme \u00e0 l&rsquo;approche ItCoThema\u00a0\u00bb, un site web doit r\u00e9pondre aux crit\u00e8res suivants :<\/p>\n\n\n\n<ul class=\"wp-block-list\">\n<li>Permettre la soumission de contenus sous la forme d&rsquo;<strong>items<\/strong>, de <strong>compositions<\/strong> et de <strong>th\u00e8ses<\/strong><\/li>\n\n\n\n<li>Fournir des guidelines claires pour aider \u00e0 la r\u00e9daction des items et compositions<\/li>\n\n\n\n<li>Mettre en place un processus de mod\u00e9ration transparent pour valider les items et compositions<\/li>\n\n\n\n<li>Rendre visible la distinction entre items\/compositions et th\u00e8ses dans les interfaces utilisateur<\/li>\n\n\n\n<li>Permettre l&rsquo;enrichissement collaboratif des compositions<\/li>\n\n\n\n<li>Mettre en avant les compositions les plus compl\u00e8tes et consensuelles<\/li>\n\n\n\n<li>Encourager les contributions pluralistes et les r\u00e9f\u00e9rences aux sources<\/li>\n\n\n\n<li>Offrir des outils de navigation et de recherche sp\u00e9cifiques aux items\/compositions<\/li>\n<\/ul>\n\n\n\n<h2 class=\"wp-block-heading\">Processus d&rsquo;attribution<\/h2>\n\n\n\n<p>Le processus d&rsquo;attribution du label comprend les \u00e9tapes suivantes :<\/p>\n\n\n\n<ol class=\"wp-block-list\">\n<li>Auto-\u00e9valuation du site par rapport aux crit\u00e8res<\/li>\n\n\n\n<li>Revue approfondie par les experts ItCoThema<\/li>\n\n\n\n<li>Tests utilisateurs sur une s\u00e9lection de contenus<\/li>\n\n\n\n<li>D\u00e9cision finale et attribution du label pour 1 an<\/li>\n\n\n\n<li>Suivi continu et renouvellement annuel possible<\/li>\n<\/ol>\n\n\n\n<h2 class=\"wp-block-heading\">Avantages du label<\/h2>\n\n\n\n<p>Le label offre de nombreux avantages aux sites certifi\u00e9s :<\/p>\n\n\n\n<ul class=\"wp-block-list\">\n<li>Reconnaissance en tant que plateforme de qualit\u00e9<\/li>\n\n\n\n<li>Confiance accrue des utilisateurs dans les contenus<\/li>\n\n\n\n<li>Visibilit\u00e9 et cr\u00e9dibilit\u00e9 amplifi\u00e9es<\/li>\n\n\n\n<li>Attribution du logo officiel \u00e0 afficher<\/li>\n\n\n\n<li>R\u00e9f\u00e9rencement dans l&rsquo;annuaire des sites labellis\u00e9s<\/li>\n<\/ul>\n\n\n\n<h2 class=\"wp-block-heading\">Conclusion<\/h2>\n\n\n\n<p>En adoptant le label \u00ab\u00a0Conforme \u00e0 l&rsquo;approche ItCoThema\u00a0\u00bb, une plateforme s&rsquo;engage publiquement \u00e0 mettre en \u0153uvre les meilleures pratiques pour structurer les d\u00e9bats en ligne. Elle offre \u00e0 ses utilisateurs un espace d&rsquo;expression et de dialogue \u00e0 la fois libre et \u00e9clair\u00e9.<\/p>\n","protected":false},"excerpt":{"rendered":"<p>Pour assurer une diffusion et une r\u00e9utilisation maximale, l&rsquo;approche ItCoThema est distribu\u00e9e selon la licence CC0 et fait donc de facto partie du domaine public Dans la mesure permise par la loi, l&rsquo;association ItCoThema (au travers de son repr\u00e9sentant l\u00e9gal) a renonc\u00e9 \u00e0 tous les droits d&rsquo;auteur et droits voisins ou connexes sur l&rsquo;Approche ItCoThema. [&hellip;]<\/p>\n","protected":false},"author":1,"featured_media":0,"parent":0,"menu_order":0,"comment_status":"closed","ping_status":"open","template":"","meta":{"footnotes":""},"class_list":["post-65","page","type-page","status-publish","hentry"],"_links":{"self":[{"href":"https:\/\/itcothema.org\/index.php\/wp-json\/wp\/v2\/pages\/65","targetHints":{"allow":["GET"]}}],"collection":[{"href":"https:\/\/itcothema.org\/index.php\/wp-json\/wp\/v2\/pages"}],"about":[{"href":"https:\/\/itcothema.org\/index.php\/wp-json\/wp\/v2\/types\/page"}],"author":[{"embeddable":true,"href":"https:\/\/itcothema.org\/index.php\/wp-json\/wp\/v2\/users\/1"}],"replies":[{"embeddable":true,"href":"https:\/\/itcothema.org\/index.php\/wp-json\/wp\/v2\/comments?post=65"}],"version-history":[{"count":12,"href":"https:\/\/itcothema.org\/index.php\/wp-json\/wp\/v2\/pages\/65\/revisions"}],"predecessor-version":[{"id":320,"href":"https:\/\/itcothema.org\/index.php\/wp-json\/wp\/v2\/pages\/65\/revisions\/320"}],"wp:attachment":[{"href":"https:\/\/itcothema.org\/index.php\/wp-json\/wp\/v2\/media?parent=65"}],"curies":[{"name":"wp","href":"https:\/\/api.w.org\/{rel}","templated":true}]}}