{"id":328,"date":"2025-04-12T12:19:02","date_gmt":"2025-04-12T10:19:02","guid":{"rendered":"https:\/\/itcothema.org\/?page_id=328"},"modified":"2026-04-21T10:42:38","modified_gmt":"2026-04-21T08:42:38","slug":"faire-un-don-a-lasbl","status":"publish","type":"page","link":"https:\/\/itcothema.org\/index.php\/faire-un-don-a-lasbl\/","title":{"rendered":"Faire un don \u00e0 l&rsquo;ASBL"},"content":{"rendered":"\n<p>Rejoignez l&rsquo;ASBL en tant que <a href=\"https:\/\/itcothema.org\/#contact\">membre (effectif)<\/a> et\/ou participez au financement des projets ItCoThema.<\/p>\n\n\n\n<p class=\"has-text-align-center\">Scannez ce code QR avec votre <strong>App bancaire<\/strong> (ouvrez l&rsquo;application et cliquez sur l&rsquo;option scanner), <strong>modifiez le montant en fonction de votre don<\/strong> et validez le paiement :<\/p>\n\n\n\n<figure class=\"wp-block-image aligncenter size-full\"><img loading=\"lazy\" decoding=\"async\" width=\"270\" height=\"270\" src=\"https:\/\/itcothema.org\/wp-content\/uploads\/2026\/04\/ItCoThema_Don_Projets_25eur_BW_no_label.png\" alt=\"\" class=\"wp-image-386\" srcset=\"https:\/\/itcothema.org\/wp-content\/uploads\/2026\/04\/ItCoThema_Don_Projets_25eur_BW_no_label.png 270w, https:\/\/itcothema.org\/wp-content\/uploads\/2026\/04\/ItCoThema_Don_Projets_25eur_BW_no_label-150x150.png 150w\" sizes=\"auto, (max-width: 270px) 100vw, 270px\" \/><\/figure>\n\n\n\n<p>L\u2019<strong>ASBL ItCoThema<\/strong>, association sans but lucratif,&nbsp;\u00e9tablie en&nbsp;<a href=\"https:\/\/itcothema.be\/\">Belgique <\/a>(Num\u00e9ro d\u2019entreprise BE&nbsp;<a href=\"https:\/\/kbopub.economie.fgov.be\/kbopub\/toonondernemingps.html?ondernemingsnummer=1020811172\" target=\"_blank\" rel=\"noreferrer noopener\">1020.811.172<\/a> &#8211; <a href=\"https:\/\/kbopub.economie.fgov.be\/kbopub\/toonondernemingps.html?ondernemingsnummer=1020811172\" target=\"_blank\" rel=\"noreferrer noopener\">cliquez sur le num\u00e9ro d&rsquo;entreprise<\/a> pour consulter les informations l\u00e9gales de l&rsquo;ASBL)<br>L\u2019association&nbsp;<a href=\"https:\/\/itcothema.be\/\">ItCoThema Belgique<\/a>&nbsp;a pour missions : la promotion de l\u2019approche \u00ab&nbsp;Items \u2013 Compositions \u2013 Th\u00e8ses en m\u00e9thode ascendante&nbsp;\u00bb (ItCoThema en abr\u00e9g\u00e9) et la d\u00e9fense de la dimension domaine public de toutes ses composantes ainsi que la maintenance de la communication li\u00e9e au site ItCoThema.org<\/p>\n\n\n\n<p>Les dons que vous faites \u00e0 l&rsquo;association servent : <\/p>\n\n\n\n<ul class=\"wp-block-list\">\n<li>au fonctionnement de l&rsquo;association (frais bancaires, frais d&rsquo;impression, solutions informatiques,&#8230;)<\/li>\n\n\n\n<li>au paiement des \u00e9tudiants et fournisseurs qui d\u00e9veloppent les standards informatiques et les prototypes<\/li>\n\n\n\n<li>\u00e0 la cr\u00e9ation de prix pour les m\u00e9moires, th\u00e8ses et autres travaux d&rsquo;\u00e9tudiants et de chercheurs bas\u00e9s sur l&rsquo;approche ItCoThema<\/li>\n<\/ul>\n","protected":false},"excerpt":{"rendered":"<p>Rejoignez l&rsquo;ASBL en tant que membre (effectif) et\/ou participez au financement des projets ItCoThema. Scannez ce code QR avec votre App bancaire (ouvrez l&rsquo;application et cliquez sur l&rsquo;option scanner), modifiez le montant en fonction de votre don et validez le paiement : L\u2019ASBL ItCoThema, association sans but lucratif,&nbsp;\u00e9tablie en&nbsp;Belgique (Num\u00e9ro d\u2019entreprise BE&nbsp;1020.811.172 &#8211; cliquez sur [&hellip;]<\/p>\n","protected":false},"author":1,"featured_media":0,"parent":0,"menu_order":0,"comment_status":"closed","ping_status":"closed","template":"","meta":{"footnotes":""},"class_list":["post-328","page","type-page","status-publish","hentry"],"_links":{"self":[{"href":"https:\/\/itcothema.org\/index.php\/wp-json\/wp\/v2\/pages\/328","targetHints":{"allow":["GET"]}}],"collection":[{"href":"https:\/\/itcothema.org\/index.php\/wp-json\/wp\/v2\/pages"}],"about":[{"href":"https:\/\/itcothema.org\/index.php\/wp-json\/wp\/v2\/types\/page"}],"author":[{"embeddable":true,"href":"https:\/\/itcothema.org\/index.php\/wp-json\/wp\/v2\/users\/1"}],"replies":[{"embeddable":true,"href":"https:\/\/itcothema.org\/index.php\/wp-json\/wp\/v2\/comments?post=328"}],"version-history":[{"count":5,"href":"https:\/\/itcothema.org\/index.php\/wp-json\/wp\/v2\/pages\/328\/revisions"}],"predecessor-version":[{"id":387,"href":"https:\/\/itcothema.org\/index.php\/wp-json\/wp\/v2\/pages\/328\/revisions\/387"}],"wp:attachment":[{"href":"https:\/\/itcothema.org\/index.php\/wp-json\/wp\/v2\/media?parent=328"}],"curies":[{"name":"wp","href":"https:\/\/api.w.org\/{rel}","templated":true}]}}