{"id":261,"date":"2023-10-29T16:39:31","date_gmt":"2023-10-29T15:39:31","guid":{"rendered":"https:\/\/itcothema.org\/?page_id=261"},"modified":"2025-08-14T18:07:18","modified_gmt":"2025-08-14T16:07:18","slug":"maturite-itcothema","status":"publish","type":"page","link":"https:\/\/itcothema.org\/index.php\/maturite-itcothema\/","title":{"rendered":"Maturit\u00e9 ItCoThema"},"content":{"rendered":"\n<p id=\"sommaire\"><a href=\"#orga\">Pour une organisation, cliquez ici<\/a><\/p>\n\n\n\n<p><a href=\"#solution\">Pour une solution informatique, cliquez ici<\/a><\/p>\n\n\n\n<h2 class=\"wp-block-heading\" id=\"orga\"><strong>Degr\u00e9s de Maturit\u00e9 pour une organisation<\/strong><\/h2>\n\n\n\n<hr class=\"wp-block-separator has-alpha-channel-opacity\"\/>\n\n\n\n<h3 class=\"wp-block-heading\"><strong>Niveau 1 : Sensibilisation<\/strong><\/h3>\n\n\n\n<ul class=\"wp-block-list\">\n<li><strong>Description<\/strong> : \u00c0 ce stade, l&rsquo;organisation est initi\u00e9e \u00e0 l&rsquo;approche ItCoThema.<\/li>\n\n\n\n<li><strong>Crit\u00e8res<\/strong> :\n<ul class=\"wp-block-list\">\n<li>Formation initiale du personnel \u00e0 l&rsquo;approche ItCoThema.<\/li>\n\n\n\n<li>Introduction des compositions pour la communication interne lors de r\u00e9unions ou \u00e9v\u00e9nements sp\u00e9cifiques.<\/li>\n\n\n\n<li>Prise de conscience de l&rsquo;importance d&rsquo;une communication structur\u00e9e.<\/li>\n<\/ul>\n<\/li>\n<\/ul>\n\n\n\n<hr class=\"wp-block-separator has-alpha-channel-opacity\"\/>\n\n\n\n<h3 class=\"wp-block-heading\"><strong>Niveau 2 : Adoption<\/strong><\/h3>\n\n\n\n<ul class=\"wp-block-list\">\n<li><strong>Description<\/strong> : L&rsquo;organisation commence \u00e0 int\u00e9grer activement l&rsquo;approche ItCoThema dans ses processus quotidiens.<\/li>\n\n\n\n<li><strong>Crit\u00e8res<\/strong> :\n<ul class=\"wp-block-list\">\n<li>Utilisation r\u00e9guli\u00e8re des items et des compositions dans les communications internes et externes.<\/li>\n\n\n\n<li>Formation avanc\u00e9e pour le personnel cl\u00e9.<\/li>\n\n\n\n<li>\u00c9valuation r\u00e9guli\u00e8re de la conformit\u00e9 \u00e0 l&rsquo;approche.<\/li>\n<\/ul>\n<\/li>\n<\/ul>\n\n\n\n<hr class=\"wp-block-separator has-alpha-channel-opacity\"\/>\n\n\n\n<h3 class=\"wp-block-heading\"><strong>Niveau 3 : Int\u00e9gration<\/strong><\/h3>\n\n\n\n<ul class=\"wp-block-list\">\n<li><strong>Description<\/strong> : L&rsquo;approche ItCoThema est fermement \u00e9tablie au sein de l&rsquo;organisation.<\/li>\n\n\n\n<li><strong>Crit\u00e8res<\/strong> :\n<ul class=\"wp-block-list\">\n<li>Tous les membres du personnel sont form\u00e9s et appliquent r\u00e9guli\u00e8rement l&rsquo;approche.<\/li>\n\n\n\n<li>Les compositions sont utilis\u00e9es dans toutes les communications majeures.<\/li>\n\n\n\n<li>Les feedbacks sont collect\u00e9s et utilis\u00e9s pour affiner l&rsquo;application de l&rsquo;approche.<\/li>\n<\/ul>\n<\/li>\n<\/ul>\n\n\n\n<hr class=\"wp-block-separator has-alpha-channel-opacity\"\/>\n\n\n\n<h3 class=\"wp-block-heading\"><strong>Niveau 4 : Optimisation<\/strong><\/h3>\n\n\n\n<ul class=\"wp-block-list\">\n<li><strong>Description<\/strong> : L&rsquo;organisation innove en utilisant l&rsquo;approche ItCoThema, en cherchant constamment \u00e0 l&rsquo;am\u00e9liorer.<\/li>\n\n\n\n<li><strong>Crit\u00e8res<\/strong> :\n<ul class=\"wp-block-list\">\n<li>Int\u00e9gration d&rsquo;outils technologiques pour faciliter l&rsquo;application de l&rsquo;approche.<\/li>\n\n\n\n<li>Formation continue et ateliers pour le personnel.<\/li>\n\n\n\n<li>Analyse des retours et ajustements continus pour am\u00e9liorer l&rsquo;efficacit\u00e9.<\/li>\n<\/ul>\n<\/li>\n<\/ul>\n\n\n\n<hr class=\"wp-block-separator has-alpha-channel-opacity\"\/>\n\n\n\n<h3 class=\"wp-block-heading\"><strong>Niveau 5 : Excellence<\/strong><\/h3>\n\n\n\n<ul class=\"wp-block-list\">\n<li><strong>Description<\/strong> : L&rsquo;organisation est reconnue comme un leader dans l&rsquo;application de l&rsquo;approche ItCoThema.<\/li>\n\n\n\n<li><strong>Crit\u00e8res<\/strong> :\n<ul class=\"wp-block-list\">\n<li>Partage actif des meilleures pratiques avec d&rsquo;autres organisations.<\/li>\n\n\n\n<li>Contribution \u00e0 l&rsquo;\u00e9volution de l&rsquo;approche ItCoThema.<\/li>\n\n\n\n<li>Conllecte constante de retours sur l&rsquo;efficacit\u00e9 de l&rsquo;approche au sein de l&rsquo;organisation.<\/li>\n<\/ul>\n<\/li>\n<\/ul>\n\n\n\n<hr class=\"wp-block-separator has-alpha-channel-opacity\"\/>\n\n\n\n<h3 class=\"wp-block-heading\"><strong>Conclusion<\/strong><\/h3>\n\n\n\n<p>Les degr\u00e9s de maturit\u00e9 pour la conformit\u00e9 \u00e0 l&rsquo;approche ItCoThema offrent \u00e0 une organisation un chemin clair pour int\u00e9grer, optimiser et exceller dans l&rsquo;application de cette approche. En progressant \u00e0 travers ces niveaux, une organisation peut s&rsquo;assurer qu&rsquo;elle communique de mani\u00e8re efficace, inclusive et structur\u00e9e, tout en favorisant une culture d&rsquo;am\u00e9lioration continue.<\/p>\n\n\n\n<p><a href=\"#sommaire\">\/\\ Retour au sommaire<\/a><\/p>\n\n\n\n<div class=\"wp-block-buttons is-content-justification-center is-nowrap is-layout-flex wp-container-core-buttons-is-layout-12a27398 wp-block-buttons-is-layout-flex\">\n<div class=\"wp-block-button\"><a class=\"wp-block-button__link wp-element-button\" href=\"#top\">Retour vers la composition ItCoThema principale<\/a><\/div>\n<\/div>\n\n\n\n<h2 class=\"wp-block-heading\" id=\"solution\"><strong>Degr\u00e9s de Maturit\u00e9 pour la Conformit\u00e9 d&rsquo;une Solution Informatique \u00e0 l&rsquo;approche ItCoThema<\/strong><\/h2>\n\n\n\n<hr class=\"wp-block-separator has-alpha-channel-opacity\"\/>\n\n\n\n<h3 class=\"wp-block-heading\"><strong>Niveau 1 : Sensibilisation<\/strong><\/h3>\n\n\n\n<ul class=\"wp-block-list\">\n<li><strong>Description<\/strong> : Premiers pas vers l&rsquo;int\u00e9gration de l&rsquo;approche ItCoThema.<\/li>\n\n\n\n<li><strong>Crit\u00e8res<\/strong> :\n<ul class=\"wp-block-list\">\n<li>Connaissance de base de l&rsquo;approche ItCoThema.<\/li>\n\n\n\n<li>La solution permet la saisie manuelle des items.<\/li>\n\n\n\n<li>Possibilit\u00e9 d&rsquo;exporter les compositions sous un format r\u00e9utilisable.<\/li>\n<\/ul>\n<\/li>\n<\/ul>\n\n\n\n<hr class=\"wp-block-separator has-alpha-channel-opacity\"\/>\n\n\n\n<h3 class=\"wp-block-heading\"><strong>Niveau 2 : Int\u00e9gration Basique<\/strong><\/h3>\n\n\n\n<ul class=\"wp-block-list\">\n<li><strong>Description<\/strong> : Int\u00e9gration des principaux composants de l&rsquo;approche.<\/li>\n\n\n\n<li><strong>Crit\u00e8res<\/strong> :\n<ul class=\"wp-block-list\">\n<li>Capacit\u00e9 \u00e0 cr\u00e9er et \u00e0 g\u00e9rer des compositions internes.<\/li>\n\n\n\n<li>Interface utilisateur intuitive pour la gestion des items et des compositions.<\/li>\n\n\n\n<li>Stockage s\u00e9curis\u00e9 des donn\u00e9es.<\/li>\n\n\n\n<li>Possibilit\u00e9 d&rsquo;exporter les compositions sous divers formats.<\/li>\n<\/ul>\n<\/li>\n<\/ul>\n\n\n\n<hr class=\"wp-block-separator has-alpha-channel-opacity\"\/>\n\n\n\n<h3 class=\"wp-block-heading\"><strong>Niveau 3 : Connectivit\u00e9<\/strong><\/h3>\n\n\n\n<ul class=\"wp-block-list\">\n<li><strong>Description<\/strong> : La solution commence \u00e0 interagir avec des sources externes.<\/li>\n\n\n\n<li><strong>Crit\u00e8res<\/strong> :\n<ul class=\"wp-block-list\">\n<li>Int\u00e9gration de sources externes pour la collecte d&rsquo;items.<\/li>\n\n\n\n<li>API de base pour la r\u00e9cup\u00e9ration des compositions.<\/li>\n\n\n\n<li>Capacit\u00e9 \u00e0 importer\/exporter des compositions.<\/li>\n\n\n\n<li>Possibilit\u00e9 d&rsquo;exporter les compositions sous divers formats avec enrichissement \u00e9ventuel.<\/li>\n<\/ul>\n<\/li>\n<\/ul>\n\n\n\n<hr class=\"wp-block-separator has-alpha-channel-opacity\"\/>\n\n\n\n<h3 class=\"wp-block-heading\"><strong>Niveau 4 : Interop\u00e9rabilit\u00e9<\/strong><\/h3>\n\n\n\n<ul class=\"wp-block-list\">\n<li><strong>Description<\/strong> : La solution fonctionne harmonieusement avec d&rsquo;autres syst\u00e8mes.<\/li>\n\n\n\n<li><strong>Crit\u00e8res<\/strong> :\n<ul class=\"wp-block-list\">\n<li>API compl\u00e8te \/ MCP pour la gestion des items, compositions et th\u00e8ses.<\/li>\n\n\n\n<li>Capacit\u00e9 \u00e0 int\u00e9grer et consolider des compositions externes.<\/li>\n\n\n\n<li>Gestion de sources multiples pouvant fournir des items, des compositions et des \u00e9l\u00e9ments de th\u00e8ses.<\/li>\n\n\n\n<li>Conformit\u00e9 aux standards de l&rsquo;industrie pour la communication entre syst\u00e8mes.<\/li>\n<\/ul>\n<\/li>\n<\/ul>\n\n\n\n<hr class=\"wp-block-separator has-alpha-channel-opacity\"\/>\n\n\n\n<h3 class=\"wp-block-heading\"><strong>Niveau 5 : Intelligence Automatis\u00e9e<\/strong><\/h3>\n\n\n\n<ul class=\"wp-block-list\">\n<li><strong>Description<\/strong> : La solution utilise des techniques avanc\u00e9es pour optimiser l&rsquo;utilisation de l&rsquo;approche ItCoThema.<\/li>\n\n\n\n<li><strong>Crit\u00e8res<\/strong> :\n<ul class=\"wp-block-list\">\n<li>Utilisation de l&rsquo;IA pour la suggestion d&rsquo;items et la structuration des compositions.<\/li>\n\n\n\n<li>Analyse automatis\u00e9e des th\u00e8ses pour des contenus pertinents.<\/li>\n\n\n\n<li>Assistance \u00e0 la documentation bas\u00e9e sur les compositions.<\/li>\n<\/ul>\n<\/li>\n<\/ul>\n\n\n\n<hr class=\"wp-block-separator has-alpha-channel-opacity\"\/>\n\n\n\n<h3 class=\"wp-block-heading\"><strong>Niveau 6 : \u00c9cosyst\u00e8me<\/strong><\/h3>\n\n\n\n<ul class=\"wp-block-list\">\n<li><strong>Description<\/strong> : La solution s&rsquo;int\u00e8gre pleinement dans un \u00e9cosyst\u00e8me d&rsquo;applications et de services.<\/li>\n\n\n\n<li><strong>Crit\u00e8res<\/strong> :\n<ul class=\"wp-block-list\">\n<li>API extensibles \/ MCP permettant \u00e0 d&rsquo;autres solutions d&rsquo;exploiter les compositions.<\/li>\n\n\n\n<li>Capacit\u00e9 \u00e0 s&rsquo;adapter et \u00e0 \u00e9voluer avec des solutions externes.<\/li>\n\n\n\n<li>Partenariats avec d&rsquo;autres fournisseurs pour renforcer la cha\u00eene de valeur.<\/li>\n<\/ul>\n<\/li>\n<\/ul>\n\n\n\n<hr class=\"wp-block-separator has-alpha-channel-opacity\"\/>\n\n\n\n<h3 class=\"wp-block-heading\"><strong>Niveau 7 : Excellence et Conformit\u00e9<\/strong><\/h3>\n\n\n\n<ul class=\"wp-block-list\">\n<li><strong>Description<\/strong> : La solution est reconnue comme leader et est pleinement conforme \u00e0 l&rsquo;approche ItCoThema.<\/li>\n\n\n\n<li><strong>Crit\u00e8res<\/strong> :\n<ul class=\"wp-block-list\">\n<li>Int\u00e9gration fluide des compositions externes.<\/li>\n\n\n\n<li>Architecture via API \/ MCP pour que d&rsquo;autres environnements puissent exploiter les compositions et tous les \u00e9l\u00e9ments li\u00e9s.<\/li>\n\n\n\n<li>Engagement continu envers l&rsquo;innovation et l&rsquo;am\u00e9lioration pour int\u00e9grer pleinement l&rsquo;approche ItCoThema dans l&rsquo;ensemble du fonctionnement de la solution.<\/li>\n<\/ul>\n<\/li>\n<\/ul>\n\n\n\n<hr class=\"wp-block-separator has-alpha-channel-opacity\"\/>\n\n\n\n<h3 class=\"wp-block-heading\"><strong>Conclusion<\/strong><\/h3>\n\n\n\n<p>La progression \u00e0 travers ces niveaux de maturit\u00e9 garantit que la solution informatique non seulement respecte les principes fondamentaux de l&rsquo;approche ItCoThema, mais est \u00e9galement con\u00e7ue pour \u00e9voluer, s&rsquo;int\u00e9grer et apporter de la valeur dans un \u00e9cosyst\u00e8me technologique en constante \u00e9volution. En poursuivant cette trajectoire, la solution peut r\u00e9aliser le plein potentiel de l&rsquo;approche ItCoThema, en optimisant la communication, la collaboration et la prise de d\u00e9cision \u00e0 travers divers environnements et plateformes.<\/p>\n\n\n\n<p><a href=\"#sommaire\">\/\\ Retour au sommaire<\/a><\/p>\n\n\n\n<div class=\"wp-block-buttons is-content-justification-center is-nowrap is-layout-flex wp-container-core-buttons-is-layout-12a27398 wp-block-buttons-is-layout-flex\">\n<div class=\"wp-block-button\"><a class=\"wp-block-button__link wp-element-button\" href=\"#top\">Retour vers la composition ItCoThema principale<\/a><\/div>\n<\/div>\n","protected":false},"excerpt":{"rendered":"<p>Pour une organisation, cliquez ici Pour une solution informatique, cliquez ici Degr\u00e9s de Maturit\u00e9 pour une organisation Niveau 1 : Sensibilisation Niveau 2 : Adoption Niveau 3 : Int\u00e9gration Niveau 4 : Optimisation Niveau 5 : Excellence Conclusion Les degr\u00e9s de maturit\u00e9 pour la conformit\u00e9 \u00e0 l&rsquo;approche ItCoThema offrent \u00e0 une organisation un chemin clair [&hellip;]<\/p>\n","protected":false},"author":1,"featured_media":0,"parent":0,"menu_order":0,"comment_status":"closed","ping_status":"closed","template":"","meta":{"footnotes":""},"class_list":["post-261","page","type-page","status-publish","hentry"],"_links":{"self":[{"href":"https:\/\/itcothema.org\/index.php\/wp-json\/wp\/v2\/pages\/261","targetHints":{"allow":["GET"]}}],"collection":[{"href":"https:\/\/itcothema.org\/index.php\/wp-json\/wp\/v2\/pages"}],"about":[{"href":"https:\/\/itcothema.org\/index.php\/wp-json\/wp\/v2\/types\/page"}],"author":[{"embeddable":true,"href":"https:\/\/itcothema.org\/index.php\/wp-json\/wp\/v2\/users\/1"}],"replies":[{"embeddable":true,"href":"https:\/\/itcothema.org\/index.php\/wp-json\/wp\/v2\/comments?post=261"}],"version-history":[{"count":7,"href":"https:\/\/itcothema.org\/index.php\/wp-json\/wp\/v2\/pages\/261\/revisions"}],"predecessor-version":[{"id":362,"href":"https:\/\/itcothema.org\/index.php\/wp-json\/wp\/v2\/pages\/261\/revisions\/362"}],"wp:attachment":[{"href":"https:\/\/itcothema.org\/index.php\/wp-json\/wp\/v2\/media?parent=261"}],"curies":[{"name":"wp","href":"https:\/\/api.w.org\/{rel}","templated":true}]}}