{"id":204,"date":"2023-10-18T23:16:12","date_gmt":"2023-10-18T21:16:12","guid":{"rendered":"https:\/\/itcothema.org\/?page_id=204"},"modified":"2025-08-14T18:40:32","modified_gmt":"2025-08-14T16:40:32","slug":"documentation","status":"publish","type":"page","link":"https:\/\/itcothema.org\/index.php\/documentation\/","title":{"rendered":"Documentation"},"content":{"rendered":"\n<blockquote class=\"wp-block-quote is-layout-flow wp-block-quote-is-layout-flow\">\n<p>ItCoThema &#8211; Documentation synth\u00e9tique (peut \u00eatre utilis\u00e9e en introduction d&rsquo;un prompt) :<\/p>\n<\/blockquote>\n\n\n\n<h1 class=\"wp-block-heading\">Documentation de l&rsquo;approche ItCoThema<\/h1>\n\n\n\n<h2 class=\"wp-block-heading\">Introduction<\/h2>\n\n\n\n<p>ItCoThema est une m\u00e9thode visant \u00e0 structurer les discussions, que ce soit dans la sph\u00e8re publique ou au sein des organisations. Elle apporte un cadre pour mener des dialogues de qualit\u00e9 en identifiant les composants cl\u00e9s de tout sujet de conversation ou pour communiquer sur un d\u00e9bat d&rsquo;id\u00e9es sur un th\u00e8me donn\u00e9.<\/p>\n\n\n\n<p>L&rsquo;approche ItCoThema s&rsquo;appuie sur l&rsquo;analyse du discours et la rh\u00e9torique pour favoriser des \u00e9changes inclusifs et productifs.<\/p>\n\n\n\n<h2 class=\"wp-block-heading\">Principes fondamentaux<\/h2>\n\n\n\n<p>ItCoThema repose sur 3 principes fondamentaux :<\/p>\n\n\n\n<p>Identification des points cl\u00e9s<\/p>\n\n\n\n<ul class=\"wp-block-list\">\n<li>Les <strong>Items<\/strong> constituent les points essentiels \u00e0 aborder pour un sujet donn\u00e9, pr\u00e9sent\u00e9s de mani\u00e8re neutre.<\/li>\n\n\n\n<li>Ils ne contiennent ni descriptions, ni donn\u00e9es, ni opinions, ni prises de positions.<\/li>\n<\/ul>\n\n\n\n<p>Structuration des \u00e9l\u00e9ments cl\u00e9s<\/p>\n\n\n\n<ul class=\"wp-block-list\">\n<li>Les <strong>Items<\/strong> sont organis\u00e9s et structur\u00e9s dans des <strong>Compositions<\/strong>, fournissant un inventaire des aspects pertinents d&rsquo;un sujet.<\/li>\n\n\n\n<li>Cette structuration permet d&rsquo;avoir une vision d&rsquo;ensemble.<\/li>\n<\/ul>\n\n\n\n<p>Contributions ouvertes et pluralistes<\/p>\n\n\n\n<ul class=\"wp-block-list\">\n<li>ItCoThema favorise une collecte inclusive et participative des items.<\/li>\n\n\n\n<li>Toutes les parties prenantes sont encourag\u00e9es \u00e0 contribuer au travers d&rsquo;items et de compositions.<\/li>\n\n\n\n<li>Les items et les compositions sont mises \u00e0 disposition sous une licence en domaine public pour faciliter le processus de partage et de r\u00e9utilisation<\/li>\n\n\n\n<li>La facilitation du processus d&rsquo;exportation des compositions pour r\u00e9utilisation est l&rsquo;objectif prioritaire<\/li>\n\n\n\n<li>Une s\u00e9paration des items et des th\u00e8ses est obligatoire<\/li>\n<\/ul>\n\n\n\n<p>L&rsquo;appellation ItCoThema fait r\u00e9f\u00e9rence \u00e0 la contraction des \u00e9l\u00e9ments suivants :<\/p>\n\n\n\n<ul class=\"wp-block-list\">\n<li>It : Items<\/li>\n\n\n\n<li>Co : Compositions<\/li>\n\n\n\n<li>Th : Th\u00e8ses <\/li>\n\n\n\n<li>ema : en <a href=\"https:\/\/fr.wikipedia.org\/wiki\/Approches_ascendante_et_descendante\" target=\"_blank\" rel=\"noreferrer noopener\">m\u00e9thode ascendante<\/a><\/li>\n<\/ul>\n\n\n\n<h2 class=\"wp-block-heading\">Processus ItCoThema<\/h2>\n\n\n\n<p>Le processus se d\u00e9roule en 4 \u00e9tapes:<\/p>\n\n\n\n<ol class=\"wp-block-list\">\n<li>Collecte ouverte des items potentiels, \u00e0 partir de sources vari\u00e9es.<\/li>\n\n\n\n<li>Structuration des items dans des compositions stables et consensuelles.<\/li>\n\n\n\n<li>Formulation \u00e9ventuelle des descriptions, donn\u00e9es, opinions et propositions dans une couche distincte correspondant aux th\u00e8ses.<\/li>\n\n\n\n<li>Dialogue constructif autour des compositions et \u00e9ventuellement des th\u00e8ses pour stabiliser l&rsquo;inventaire et obtenir un consensus sur la s\u00e9lection des items.<\/li>\n<\/ol>\n\n\n\n<p>Les compositions sont r\u00e9guli\u00e8rement mises \u00e0 jour de mani\u00e8re collaborative jusqu&rsquo;\u00e0 atteindre une forme compl\u00e8te et objective. L&rsquo;obtention de cette forme correspond \u00e0 la stabilisation de la composition.<\/p>\n\n\n\n<p>L&rsquo;acceptation de l&rsquo;audience vis\u00e9e d\u00e9terminera la longueur des textes des items et la taille des compositions. Un processus it\u00e9ratif est requis par essence pour stabiliser une composition mais \u00e9galement pour stabiliser le texte de chaque item.<\/p>\n\n\n\n<p>Un processus de consensus pour \u00e9viter la multiplication de doublons au niveau des items est requis pour reporter les \u00e9l\u00e9ments de discussion et les \u00e9ventuels opinions conflictuelles dans la couche des th\u00e8ses.<\/p>\n\n\n\n<p>Le processus est consid\u00e9r\u00e9 en m\u00e9thode ascendante dans la mesure o\u00f9 il vise r\u00e9colter les items pertinents en consid\u00e9rant l&rsquo;ensemble des contributions pour un th\u00e8me vis\u00e9. <\/p>\n\n\n\n<p>La ma\u00eetrise des contenus n&rsquo;est pas requise pour identifier un item dans la mesure o\u00f9 : <\/p>\n\n\n\n<ul class=\"wp-block-list\">\n<li>cet item n&rsquo;est pas d\u00e9j\u00e0 couvert par un autre item<\/li>\n\n\n\n<li>cet item permet d&rsquo;augmenter la stabilit\u00e9 de la composition<\/li>\n<\/ul>\n\n\n\n<p>identifi\u00e9 ainsi que sur l&rsquo;ensemble constitu\u00e9 par la composition.<\/p>\n\n\n\n<h2 class=\"wp-block-heading\">Stockage de l&rsquo;information<\/h2>\n\n\n\n<p>L&rsquo;approche impose l&rsquo;identification de th\u00e8mes.<\/p>\n\n\n\n<p>Le th\u00e8me correspond \u00e0 l&rsquo;identification d&rsquo;un ensemble coh\u00e9rent d&rsquo;informations pour un groupe d&rsquo;individus. (Exemple : la voiture \u00e9lectrique)<\/p>\n\n\n\n<p>ItCoThema pr\u00e9voit ensuite trois cat\u00e9gories de donn\u00e9es pouvant \u00eatre associ\u00e9es \u00e0 un ou plusieurs th\u00e8me(s) :<\/p>\n\n\n\n<ol class=\"wp-block-list\">\n<li>Les items\n<ul class=\"wp-block-list\">\n<li>Les items sont les \u00e9l\u00e9ments \u00e0 consid\u00e9rer dans une discussion, un raisonnement ou dans un d\u00e9bat.<\/li>\n\n\n\n<li>Ils sont exprim\u00e9s de fa\u00e7on la plus neutre possible.<\/li>\n\n\n\n<li>Ce sont des \u00e9l\u00e9ment de base sans expression d\u2019une position et donc propice au compromis.<\/li>\n\n\n\n<li>En tant qu\u2019\u00e9l\u00e9ment fondamental, le texte d\u2019un item doit \u00eatre le plus court possible (50 caract\u00e8res au maximum).<\/li>\n<\/ul>\n<\/li>\n\n\n\n<li>Les compositions\n<ul class=\"wp-block-list\">\n<li>Les compositions sont les agencements des items et leur(s) lien(s) \u00e9ventuels vers les th\u00e8ses.<\/li>\n\n\n\n<li>Cette couche introduit des premiers choix car elle associe des items avec le th\u00e8me trait\u00e9.<\/li>\n\n\n\n<li>Bien qu\u2019un large compromis est atteignable, une composition introduit des choix et sa stabilit\u00e9 n\u2019est donc jamais garantie dans le temps.<\/li>\n\n\n\n<li>M\u00eame la composition la plus simple listant les diff\u00e9rents items introduit de facto un ordre de lecture.<\/li>\n<\/ul>\n<\/li>\n\n\n\n<li>Les th\u00e8ses\n<ul class=\"wp-block-list\">\n<li>Les th\u00e8ses sont les propositions, opinions et positions li\u00e9es aux items et\/ou compositions.<\/li>\n\n\n\n<li>La description d\u2019un item constitue d\u00e9j\u00e0 une th\u00e8se car une explication est avanc\u00e9e et pourrait faire l&rsquo;objet de discussions.<\/li>\n\n\n\n<li>Identifier un lien vers un site, un article, une \u00e9tude,\u2026 constitue une th\u00e8se car on consid\u00e8re avoir trouv\u00e9 une source fiable ou repr\u00e9sentative.<\/li>\n\n\n\n<li>D\u00e8s l\u2019introduction de th\u00e8ses, on s\u2019expose \u00e0 l\u2019absence potentielle de compromis.<\/li>\n<\/ul>\n<\/li>\n<\/ol>\n\n\n\n<p>Ces trois cat\u00e9gories de donn\u00e9es correspondent \u00e0 trois assertions bien distinctes :<\/p>\n\n\n\n<ol class=\"wp-block-list\">\n<li>Item : \u00ab Si on discute de ce th\u00e8me, on peut consid\u00e9rer cet \u00e9l\u00e9ment fondamental \u00bb<\/li>\n\n\n\n<li>Composition : \u00ab Si on discute de ce th\u00e8me, on devrait consid\u00e9rer ces items \u00bb<\/li>\n\n\n\n<li>Th\u00e8ses : \u00ab Si on discute de ce th\u00e8me, voici une proposition des \u00e9l\u00e9ments ou des opinions \u00e0 prendre en compte pour ma\u00eetriser la compr\u00e9hension de cet item ou de cette composition  \u00bb<\/li>\n<\/ol>\n\n\n\n<h2 class=\"wp-block-heading\">Publication<\/h2>\n\n\n\n<p>La publication d&rsquo;un contenu conforme \u00e0 l&rsquo;approche ItCoThema doit mettre clairement en \u00e9vidence les items s\u00e9lectionn\u00e9s.<\/p>\n\n\n\n<p>La publication d&rsquo;items et de compositions doivent se faire de fa\u00e7on \u00e0 pouvoir exporter la liste des items.<\/p>\n\n\n\n<p>En cas d&rsquo;imbrication de compositions o\u00f9 certains ou l&rsquo;ensemble des items sont consid\u00e9r\u00e9s comme les th\u00e8mes d&rsquo;autres compositions, la possibilit\u00e9 de pouvoir consid\u00e9rer chaque composition de fa\u00e7on individuelle doit \u00eatre offerte de fa\u00e7on directe : par exemple au travers d&rsquo;un index reprenant les th\u00e8mes document\u00e9s sous forme d&rsquo;items et de compositions.<\/p>\n\n\n\n<h2 class=\"wp-block-heading\">Contraintes de l\u2019approche<\/h2>\n\n\n\n<p>L&rsquo;approche ItCoThema impose les \u00e9l\u00e9ments suivants :<\/p>\n\n\n\n<ul class=\"wp-block-list\">\n<li>L&rsquo;approche impose de se limiter \u00e0 une dimension pour les th\u00e8ses : \n<ul class=\"wp-block-list\">\n<li>Th\u00e8me\n<ul class=\"wp-block-list\">\n<li>items list\u00e9s selon la composition\n<ul class=\"wp-block-list\">\n<li>th\u00e8ses \u00e0 associers aux items<\/li>\n<\/ul>\n<\/li>\n<\/ul>\n<\/li>\n<\/ul>\n<\/li>\n\n\n\n<li>La fourniture des items doit pouvoir se faire de fa\u00e7on s\u00e9par\u00e9e des th\u00e8ses : chaque item ainsi que la liste des items fournie dans une composition doivent pouvoir \u00eatre copi\u00e9s et ensuite coll\u00e9s sans mise en forme pour r\u00e9utilisation.<\/li>\n\n\n\n<li>Les \u00e9ventuels \u00e9l\u00e9ments de th\u00e8se fournis pour un item donn\u00e9e sont reli\u00e9es \u00e0 cet item.<\/li>\n\n\n\n<li>Un \u00e9l\u00e9ment de th\u00e8se peut \u00eatre associ\u00e9 \u00e0 une seul item, \u00e0 plusieurs items, \u00e0 une composition ou \u00e0 plusieurs compositions.<\/li>\n\n\n\n<li>Si une composition est fournie sous forme graphique, d&rsquo;un m\u00e9dia ou sous la forme d&rsquo;une infographie, la liste des items doit pouvoir \u00e9galement \u00eatre export\u00e9e de fa\u00e7on directe et sous un format texte sans mise en forme.<\/li>\n\n\n\n<li>Tout export de contenus doit \u00eatre pr\u00e9vu d\u00e8s la conception (by design) et se fait sous la licence <a href=\"https:\/\/fr.wikipedia.org\/wiki\/Domaine_public_(propri%C3%A9t%C3%A9_intellectuelle)\" target=\"_blank\" rel=\"noreferrer noopener\">domaine public<\/a>.<\/li>\n\n\n\n<li>Aucun \u00e9l\u00e9ment de th\u00e8se inclus dans une production conforme \u00e0 l&rsquo;approche ItCoThema ne peut \u00eatre soumis au droit d&rsquo;auteur ou pr\u00e9senter un risque de litige au niveau de sa propri\u00e9t\u00e9 intellectuelle.<\/li>\n\n\n\n<li>Si la volont\u00e9 de l&rsquo;\u00e9diteur est de faire r\u00e9f\u00e9rence \u00e0 un contenu dont la diffusion est restreint par la loi, la seule possibilit\u00e9 sera de fournir un lien vers ce contenu. Si les parties concern\u00e9es par ce contenu n&rsquo;autorise pas le r\u00e9f\u00e9rencement direct, l&rsquo;\u00e9diteur se limitera \u00e0 la citation en respectant de fa\u00e7on stricte les r\u00e9glementations en la mati\u00e8re.<\/li>\n\n\n\n<li>Si l&rsquo;auteur d&rsquo;une production conforme \u00e0 l&rsquo;approche ItCoThema d\u00e9sire fournir des \u00e9l\u00e9ments soumis \u00e0 la r\u00e9glementation en mati\u00e8re de propri\u00e9t\u00e9 intellectuelle, une s\u00e9paration claire entre ces \u00e9l\u00e9ments et les \u00e9l\u00e9ments en domaine public doit \u00eatre r\u00e9alis\u00e9e. Par d\u00e9faut, seuls les items et la composition sont des \u00e9l\u00e9ments \u00e0 consid\u00e9rer comme diffus\u00e9 en domaine public.<\/li>\n\n\n\n<li>Si une application ou un dispositif de publication pr\u00e9voit la partie \u00ab\u00a0Th\u00e8ses\u00a0\u00bb de l&rsquo;approche ItCoThema, alors toutes les implications au niveau du <a href=\"https:\/\/fr.wikipedia.org\/wiki\/Protection_juridique_des_bases_de_donn%C3%A9es#Par_le_droit_sui_generis\" target=\"_blank\" rel=\"noreferrer noopener\">Droit sui generis<\/a> doivent \u00eatre clarifi\u00e9es dans les termes et conditions de base.<\/li>\n\n\n\n<li>La formulation des items doit respecter la l\u00e9gislation et ne peut donc reprendre des mots, des expressions, des slogans ou des marques qui ne sont pas dans le domaine public.<\/li>\n<\/ul>\n\n\n\n<h2 class=\"wp-block-heading\">Avantages<\/h2>\n\n\n\n<p>ItCoThema pr\u00e9sente de nombreux avantages:<\/p>\n\n\n\n<ul class=\"wp-block-list\">\n<li>Favoriser des \u00e9changes constructifs<\/li>\n\n\n\n<li>Permettre de faire coexister diff\u00e9rents points de vue<\/li>\n\n\n\n<li>Permettre la participation de tous<\/li>\n\n\n\n<li>S&rsquo;adapter \u00e0 tout type de sujets<\/li>\n\n\n\n<li>Prendre des d\u00e9cisions \u00e9clair\u00e9es et inclusives<\/li>\n<\/ul>\n\n\n\n<h2 class=\"wp-block-heading\">Limites de l&rsquo;approche<\/h2>\n\n\n\n<p>L&rsquo;approche ItCoThema ne sert que d&rsquo;engrenage dans un processus de <a rel=\"noreferrer noopener\" href=\"https:\/\/fr.wikipedia.org\/wiki\/Approches_ascendante_et_descendante\" target=\"_blank\">flux ascendant<\/a>. Le flux descendant et le d\u00e9veloppement des th\u00e8ses sont \u00e0 s\u00e9parer du processus ItCoThema. Au mieux, une composition peut offrir un prisme de lecture d&rsquo;\u00e9l\u00e9ments d&rsquo;une th\u00e8se.<\/p>\n\n\n\n<p>La cr\u00e9ation d&rsquo;une cascade de compositions pour remplacer une expertise ne fait pas partie de l&rsquo;approche ItCoThema car une hypoth\u00e8se fondamentale est la non-lin\u00e9arit\u00e9 des th\u00e8ses complexes. L&rsquo;approche ItCoThema ne fait qu&rsquo;exposer la complexit\u00e9 \u00e9ventuelle d&rsquo;un th\u00e8me en listant de fa\u00e7on structur\u00e9e l&rsquo;ensemble des items \u00e0 consid\u00e9rer.<\/p>\n\n\n\n<p>L&rsquo;exploitation de compositions pour \u00e9valuer des th\u00e8ses ou des propositions strat\u00e9giques sort du p\u00e9rim\u00e8tre de l&rsquo;approche ItCoThema en tant que telle et est \u00e0 consid\u00e9rer comme une extension de l&rsquo;approche et non comme l&rsquo;approche elle-m\u00eame.<\/p>\n\n\n\n<h2 class=\"wp-block-heading\">Conclusion<\/h2>\n\n\n\n<p>ItCoThema fournit un cadre m\u00e9thodologique pour am\u00e9liorer la qualit\u00e9 des dialogues, en identifiant clairement les \u00e9l\u00e9ments cl\u00e9s de toute discussion. Sa philosophie ouverte et participative en fait une approche pertinente pour favoriser l&rsquo;intelligence collective. La contrainte de fourniture en domaine public de l&rsquo;ensemble des contenus offerts ainsi que sa mise en forme de base, en fait une solution con\u00e7u pour le partage et la r\u00e9utilisation.<\/p>\n","protected":false},"excerpt":{"rendered":"<p>ItCoThema &#8211; Documentation synth\u00e9tique (peut \u00eatre utilis\u00e9e en introduction d&rsquo;un prompt) : Documentation de l&rsquo;approche ItCoThema Introduction ItCoThema est une m\u00e9thode visant \u00e0 structurer les discussions, que ce soit dans la sph\u00e8re publique ou au sein des organisations. Elle apporte un cadre pour mener des dialogues de qualit\u00e9 en identifiant les composants cl\u00e9s de tout [&hellip;]<\/p>\n","protected":false},"author":1,"featured_media":0,"parent":0,"menu_order":0,"comment_status":"closed","ping_status":"closed","template":"","meta":{"footnotes":""},"class_list":["post-204","page","type-page","status-publish","hentry"],"_links":{"self":[{"href":"https:\/\/itcothema.org\/index.php\/wp-json\/wp\/v2\/pages\/204","targetHints":{"allow":["GET"]}}],"collection":[{"href":"https:\/\/itcothema.org\/index.php\/wp-json\/wp\/v2\/pages"}],"about":[{"href":"https:\/\/itcothema.org\/index.php\/wp-json\/wp\/v2\/types\/page"}],"author":[{"embeddable":true,"href":"https:\/\/itcothema.org\/index.php\/wp-json\/wp\/v2\/users\/1"}],"replies":[{"embeddable":true,"href":"https:\/\/itcothema.org\/index.php\/wp-json\/wp\/v2\/comments?post=204"}],"version-history":[{"count":11,"href":"https:\/\/itcothema.org\/index.php\/wp-json\/wp\/v2\/pages\/204\/revisions"}],"predecessor-version":[{"id":364,"href":"https:\/\/itcothema.org\/index.php\/wp-json\/wp\/v2\/pages\/204\/revisions\/364"}],"wp:attachment":[{"href":"https:\/\/itcothema.org\/index.php\/wp-json\/wp\/v2\/media?parent=204"}],"curies":[{"name":"wp","href":"https:\/\/api.w.org\/{rel}","templated":true}]}}